{"id":5,"date":"2017-11-15T09:03:34","date_gmt":"2017-11-15T09:03:34","guid":{"rendered":"http:\/\/apiadatedemi.ddns.net\/?page_id=5"},"modified":"2026-05-05T11:59:06","modified_gmt":"2026-05-05T15:59:06","slug":"home","status":"publish","type":"page","link":"https:\/\/www.clubprovidencia.cl\/restaurante\/","title":{"rendered":"Inicio"},"content":{"rendered":"<section class=\"l-section wpb_row height_medium\" style=\"padding: 0px !important;\"><div class=\"l-section-h i-cf\"><div class=\"g-cols vc_row type_default valign_top\"><div class=\"vc_col-sm-12 wpb_column vc_column_container\"><div class=\"vc_column-inner\"><div class=\"wpb_wrapper\">[vc_custom_heading text=&#8221;El mejor men\u00fa del d\u00eda est\u00e1 en Club Providencia&#8221; font_container=&#8221;tag:h2|font_size:32|text_align:center|color:%23333333&#8243; google_fonts=&#8221;font_family:Montserrat%3Aregular%2C700|font_style:700%20bold%20regular%3A700%3Anormal&#8221;]<div id=\"ultib3-21076342516a03212da5983\" class=\" vc_custom_1770033894567 ultb3-box ult-adjust-bottom-margin  \" style=\"\"><img decoding=\"async\" src=\"https:\/\/www.clubprovidencia.cl\/restaurante\/wp-content\/uploads\/2025\/09\/ayceespanolw27-4.png\" style=\"\" class=\"ultb3-img ultb3-img-center-left\" alt=\"null\"\/><div id=\"Info-banner-wrap3301\" class=\"ultb3-info ib3-info-right\" data-animation=\"\" data-animation-delay=\"03\"><a href=\"https:\/\/www.clubprovidencia.cl\/restaurante\/reservas\/\"  class=\"ultb3-btn ult-responsive\"  data-ultimate-target='#Info-banner-wrap3301 .ultb3-btn'  data-responsive-json-new='{\"font-size\":\"\",\"line-height\":\"\"}'  style=\"font-weight:normal;\">Reservar<i class=\"Defaults-angle-right\"><\/i><\/a><\/div><\/div><style>\n\t\t\t\t\t#ultib3-21076342516a03212da5983 {\n\t\t\t\t\t\tmin-height:300px;\n\t\t\t\t\t}\n\t\t\t\t\t#ultib3-21076342516a03212da5983 img.ultb3-img {\n\t\t\t\t\t\theight: 300px;\n\t\t\t\t\t}\n\t\t\t\t\t#ultib3-21076342516a03212da5983 .ultb3-btn {\n\t\t\t\t\t\tborder:2px solid #ffffff;border-radius:50px;color:#ffffff;\n\t\t\t\t\t}\n\t\t\t\t\t#ultib3-21076342516a03212da5983 .ultb3-btn:hover {\n\t\t\t\t\t\tbackground:#ffffff;color:#000000;\n\t\t\t\t\t}\n\t\t\t\t<\/style><style>\n\t\t\t\t\t\t@media (min-width: 1824px) {\n\t\t\t\t\t\t\t #ultib3-21076342516a03212da5983 img.ultb3-img {\n\t\t\t\t\t\t\t\theight:300px;\n\t\t\t\t\t\t\t}\n\t\t\t\t\t\t}\n\t\t\t\t\t<\/style><style>\n\t\t\t\t\t\t@media (max-width: 1199px) {\n\t\t\t\t\t\t\t #ultib3-21076342516a03212da5983 img.ultb3-img {\n\t\t\t\t\t\t\t\theight:280px;\n\t\t\t\t\t\t\t}\n\t\t\t\t\t\t}\n\t\t\t\t\t<\/style><style>\n\t\t\t\t\t\t@media (max-width: 991px) {\n\t\t\t\t\t\t\t #ultib3-21076342516a03212da5983 img.ultb3-img {\n\t\t\t\t\t\t\t\theight:280px;\n\t\t\t\t\t\t\t}\n\t\t\t\t\t\t}\n\t\t\t\t\t<\/style><style>\n\t\t\t\t\t\t@media (max-width: 767px) {\n\t\t\t\t\t\t\t #ultib3-21076342516a03212da5983 img.ultb3-img {\n\t\t\t\t\t\t\t\theight:200px;\n\t\t\t\t\t\t\t}\n\t\t\t\t\t\t}\n\t\t\t\t\t<\/style><style>\n\t\t\t\t\t\t@media (max-width: 479px) {\n\t\t\t\t\t\t\t #ultib3-21076342516a03212da5983 img.ultb3-img {\n\t\t\t\t\t\t\t\theight:100px;\n\t\t\t\t\t\t\t}\n\t\t\t\t\t\t}\n\t\t\t\t\t<\/style><\/div><\/div><\/div><\/div><\/div><\/section><section class=\"l-section wpb_row height_medium\" style=\"margin: 0px !important;padding: 0px !important;border: 0px initial !important;\"><div class=\"l-section-h i-cf\"><div class=\"g-cols vc_row type_default valign_top gap--2\"><style>.g-cols.gap--2{margin:0 calc(-1.5rem - -2)}.gap--2 > .vc_column_container {padding:-2}<\/style><div class=\"vc_col-sm-12 wpb_column vc_column_container\"><div class=\"vc_column-inner\"><div class=\"wpb_wrapper\"><div class=\"w-actionbox color_primary controls_bottom vc_custom_1729683725750 barraReserva\"><div class=\"w-actionbox-text\"><span style=\"font-size:16px;\">RESERVA TU MESA AQU\u00cd<\/span><\/div><div class=\"w-actionbox-controls\"><a class=\"w-btn us-btn-style_3\" href=\"https:\/\/www.clubprovidencia.cl\/restaurante\/reservas\/\" style=\"font-size:20px;\"><span class=\"w-btn-label\">Reservar mesa<\/span><\/a><a class=\"w-btn us-btn-style_3\" href=\"https:\/\/gour.media\/club-providencia\/\" style=\"font-size:20px;\"><span class=\"w-btn-label\">Ver Carta<\/span><\/a><\/div><\/div><div class=\"w-message color_blue with_icon with_close\"><div class=\"w-message-icon\"><i class=\"fas fa-info\"><\/i><\/div><div class=\"w-message-body\"><p>Estimados Socios y Vecinos, le recordamos que Club Providencia es un espacio libre de humo.<\/p><\/div><a class=\"w-message-close\" href=\"javascript:void(0)\" aria-label=\"Cerrar\"><\/a><\/div><\/div><\/div><\/div><\/div><\/div><\/section><section class=\"l-section wpb_row height_medium\"><div class=\"l-section-h i-cf\"><div class=\"g-cols vc_row type_default valign_top\"><div class=\"vc_col-sm-12 wpb_column vc_column_container\"><div class=\"vc_column-inner\"><div class=\"wpb_wrapper\">\r\n\t<div class=\"wpb_text_column \">\r\n\t\t<div class=\"wpb_wrapper\">\r\n\t\t\t<h1 style=\"text-align: center;\"><strong>Men\u00fa de la semana en Club Providencia<\/strong><\/h1>\n\r\n\t\t<\/div>\r\n\t<\/div>\r\n<div class=\"w-image align_center\"><div class=\"w-image-h\"><img loading=\"lazy\" decoding=\"async\" width=\"1512\" height=\"683\" src=\"https:\/\/www.clubprovidencia.cl\/restaurante\/wp-content\/uploads\/2026\/05\/varios-2.png\" class=\"attachment-full size-full\" alt=\"\" srcset=\"https:\/\/www.clubprovidencia.cl\/restaurante\/wp-content\/uploads\/2026\/05\/varios-2.png 1512w, https:\/\/www.clubprovidencia.cl\/restaurante\/wp-content\/uploads\/2026\/05\/varios-2-300x136.png 300w, https:\/\/www.clubprovidencia.cl\/restaurante\/wp-content\/uploads\/2026\/05\/varios-2-1024x463.png 1024w, https:\/\/www.clubprovidencia.cl\/restaurante\/wp-content\/uploads\/2026\/05\/varios-2-500x226.png 500w, https:\/\/www.clubprovidencia.cl\/restaurante\/wp-content\/uploads\/2026\/05\/varios-2-700x316.png 700w\" sizes=\"(max-width: 1512px) 100vw, 1512px\" \/><\/div><\/div><\/div><\/div><\/div><\/div><\/div><\/section><section class=\"l-section wpb_row height_auto\"><div class=\"l-section-h i-cf\"><div class=\"g-cols vc_row type_default valign_top\"><div class=\"vc_col-sm-12 wpb_column vc_column_container\"><div class=\"vc_column-inner\"><div class=\"wpb_wrapper\"><div class=\"w-separator size_small\"><\/div><div class=\"w-separator size_small\"><\/div><div class=\"w-separator size_small\"><\/div><div class=\"w-separator size_small\"><\/div><\/div><\/div><\/div><\/div><\/div><\/section><section class=\"l-section wpb_row height_medium\"><div class=\"l-section-h i-cf\"><div class=\"g-cols vc_row type_default valign_top\"><div class=\"vc_col-sm-12 wpb_column vc_column_container\"><div class=\"vc_column-inner\"><div class=\"wpb_wrapper\"><\/div><\/div><\/div><\/div><\/div><\/section>\n","protected":false},"excerpt":{"rendered":"[vc_custom_heading text=\"El mejor men\u00fa del d\u00eda est\u00e1 en Club Providencia\" font_container=\"tag:h2|font_size:32|text_align:center|color:%23333333\" google_fonts=\"font_family:Montserrat%3Aregular%2C700|font_style:700%20bold%20regular%3A700%3Anormal\"]ReservarRESERVA TU MESA AQU\u00cdReservar mesaVer CartaEstimados Socios y Vecinos, le recordamos que Club Providencia es un espacio libre de...","protected":false},"author":6,"featured_media":0,"parent":0,"menu_order":0,"comment_status":"closed","ping_status":"closed","template":"","meta":{"footnotes":""},"yoast_head":"<!-- This site is optimized with the Yoast SEO plugin v18.8 - https:\/\/yoast.com\/wordpress\/plugins\/seo\/ -->\n<title>Inicio - Restaurante - Club Providencia<\/title>\n<meta name=\"robots\" content=\"index, follow, max-snippet:-1, max-image-preview:large, max-video-preview:-1\" \/>\n<link rel=\"canonical\" href=\"https:\/\/www.clubprovidencia.cl\/restaurante\/\" \/>\n<meta property=\"og:locale\" content=\"es_ES\" \/>\n<meta property=\"og:type\" content=\"article\" \/>\n<meta property=\"og:title\" content=\"Inicio - Restaurante - Club Providencia\" \/>\n<meta property=\"og:url\" content=\"https:\/\/www.clubprovidencia.cl\/restaurante\/\" \/>\n<meta property=\"og:site_name\" content=\"Restaurante - Club Providencia\" \/>\n<meta property=\"article:modified_time\" content=\"2026-05-05T15:59:06+00:00\" \/>\n<meta name=\"twitter:card\" content=\"summary_large_image\" \/>\n<meta name=\"twitter:label1\" content=\"Tiempo de lectura\" \/>\n\t<meta name=\"twitter:data1\" content=\"2 minutos\" \/>\n<script type=\"application\/ld+json\" class=\"yoast-schema-graph\">{\"@context\":\"https:\/\/schema.org\",\"@graph\":[{\"@type\":\"WebSite\",\"@id\":\"https:\/\/www.clubprovidencia.cl\/restaurante\/#website\",\"url\":\"https:\/\/www.clubprovidencia.cl\/restaurante\/\",\"name\":\"Restaurante - Club Providencia\",\"description\":\"Delivery\",\"potentialAction\":[{\"@type\":\"SearchAction\",\"target\":{\"@type\":\"EntryPoint\",\"urlTemplate\":\"https:\/\/www.clubprovidencia.cl\/restaurante\/?s={search_term_string}\"},\"query-input\":\"required name=search_term_string\"}],\"inLanguage\":\"es\"},{\"@type\":\"WebPage\",\"@id\":\"https:\/\/www.clubprovidencia.cl\/restaurante\/#webpage\",\"url\":\"https:\/\/www.clubprovidencia.cl\/restaurante\/\",\"name\":\"Inicio - Restaurante - Club Providencia\",\"isPartOf\":{\"@id\":\"https:\/\/www.clubprovidencia.cl\/restaurante\/#website\"},\"datePublished\":\"2017-11-15T09:03:34+00:00\",\"dateModified\":\"2026-05-05T15:59:06+00:00\",\"breadcrumb\":{\"@id\":\"https:\/\/www.clubprovidencia.cl\/restaurante\/#breadcrumb\"},\"inLanguage\":\"es\",\"potentialAction\":[{\"@type\":\"ReadAction\",\"target\":[\"https:\/\/www.clubprovidencia.cl\/restaurante\/\"]}]},{\"@type\":\"BreadcrumbList\",\"@id\":\"https:\/\/www.clubprovidencia.cl\/restaurante\/#breadcrumb\",\"itemListElement\":[{\"@type\":\"ListItem\",\"position\":1,\"name\":\"Portada\",\"item\":\"https:\/\/www.clubprovidencia.cl\/restaurante\/\"},{\"@type\":\"ListItem\",\"position\":2,\"name\":\"Inicio\"}]}]}<\/script>\n<!-- \/ Yoast SEO plugin. -->","yoast_head_json":{"title":"Inicio - Restaurante - Club Providencia","robots":{"index":"index","follow":"follow","max-snippet":"max-snippet:-1","max-image-preview":"max-image-preview:large","max-video-preview":"max-video-preview:-1"},"canonical":"https:\/\/www.clubprovidencia.cl\/restaurante\/","og_locale":"es_ES","og_type":"article","og_title":"Inicio - Restaurante - Club Providencia","og_url":"https:\/\/www.clubprovidencia.cl\/restaurante\/","og_site_name":"Restaurante - Club Providencia","article_modified_time":"2026-05-05T15:59:06+00:00","twitter_card":"summary_large_image","twitter_misc":{"Tiempo de lectura":"2 minutos"},"schema":{"@context":"https:\/\/schema.org","@graph":[{"@type":"WebSite","@id":"https:\/\/www.clubprovidencia.cl\/restaurante\/#website","url":"https:\/\/www.clubprovidencia.cl\/restaurante\/","name":"Restaurante - Club Providencia","description":"Delivery","potentialAction":[{"@type":"SearchAction","target":{"@type":"EntryPoint","urlTemplate":"https:\/\/www.clubprovidencia.cl\/restaurante\/?s={search_term_string}"},"query-input":"required name=search_term_string"}],"inLanguage":"es"},{"@type":"WebPage","@id":"https:\/\/www.clubprovidencia.cl\/restaurante\/#webpage","url":"https:\/\/www.clubprovidencia.cl\/restaurante\/","name":"Inicio - Restaurante - Club Providencia","isPartOf":{"@id":"https:\/\/www.clubprovidencia.cl\/restaurante\/#website"},"datePublished":"2017-11-15T09:03:34+00:00","dateModified":"2026-05-05T15:59:06+00:00","breadcrumb":{"@id":"https:\/\/www.clubprovidencia.cl\/restaurante\/#breadcrumb"},"inLanguage":"es","potentialAction":[{"@type":"ReadAction","target":["https:\/\/www.clubprovidencia.cl\/restaurante\/"]}]},{"@type":"BreadcrumbList","@id":"https:\/\/www.clubprovidencia.cl\/restaurante\/#breadcrumb","itemListElement":[{"@type":"ListItem","position":1,"name":"Portada","item":"https:\/\/www.clubprovidencia.cl\/restaurante\/"},{"@type":"ListItem","position":2,"name":"Inicio"}]}]}},"_links":{"self":[{"href":"https:\/\/www.clubprovidencia.cl\/restaurante\/wp-json\/wp\/v2\/pages\/5"}],"collection":[{"href":"https:\/\/www.clubprovidencia.cl\/restaurante\/wp-json\/wp\/v2\/pages"}],"about":[{"href":"https:\/\/www.clubprovidencia.cl\/restaurante\/wp-json\/wp\/v2\/types\/page"}],"author":[{"embeddable":true,"href":"https:\/\/www.clubprovidencia.cl\/restaurante\/wp-json\/wp\/v2\/users\/6"}],"replies":[{"embeddable":true,"href":"https:\/\/www.clubprovidencia.cl\/restaurante\/wp-json\/wp\/v2\/comments?post=5"}],"version-history":[{"count":334,"href":"https:\/\/www.clubprovidencia.cl\/restaurante\/wp-json\/wp\/v2\/pages\/5\/revisions"}],"predecessor-version":[{"id":53772,"href":"https:\/\/www.clubprovidencia.cl\/restaurante\/wp-json\/wp\/v2\/pages\/5\/revisions\/53772"}],"wp:attachment":[{"href":"https:\/\/www.clubprovidencia.cl\/restaurante\/wp-json\/wp\/v2\/media?parent=5"}],"curies":[{"name":"wp","href":"https:\/\/api.w.org\/{rel}","templated":true}]}}