{"id":17501,"date":"2021-07-15T07:58:23","date_gmt":"2021-07-15T11:58:23","guid":{"rendered":"https:\/\/www.clubprovidencia.cl\/restaurante\/?post_type=product&#038;p=17501"},"modified":"2022-08-07T09:19:34","modified_gmt":"2022-08-07T13:19:34","slug":"especial-dia-del-nino","status":"publish","type":"product","link":"https:\/\/www.clubprovidencia.cl\/especial\/producto\/especial-dia-del-nino\/","title":{"rendered":"Especial D\u00eda del Ni\u00f1o"},"content":{"rendered":"<p><strong>\u00bfQu\u00e9 incluye el desayuno?<\/strong><\/p>\n<p>1 manzana<br \/>\n1 jugo de fruta individual<br \/>\n1 mini torta bizcocho chocolate<br \/>\n2 mini donas<br \/>\n1 s\u00e1ndwich jam\u00f3n queso<br \/>\n1 helado de invierno<br \/>\n3 galletas de avena<br \/>\n1 mini popcorn<br \/>\n1 globo sorpresa + confeti<br \/>\n1 hoja para colorear y l\u00e1piz<br \/>\n1 tarjeta de saludo<\/p>\n<p>Detalles del Servicio<\/p>\n<ol>\n<li>Despacho de desayunos a domicilio para el d\u00eda domingo 7 de agosto.<\/li>\n<li>Valor del desayuno: $ 18.000 c\/u, no incluye valor del despacho.<\/li>\n<li>Agenda de despachos por tramos de horas, con stock limitado de reservas.<\/li>\n<li>El valor del despacho, dentro del \u00e1rea de reparto, es de $2.000.<\/li>\n<li>La propina no est\u00e1 incluida en el despacho. Puede adicionar el monto que usted prefiera, el cual ser\u00e1 entregado en forma \u00edntegra al equipo de Club Providencia Restaurante.<\/li>\n<li>Tramo de entrega entre 9:00 y 12:00 Hrs.<\/li>\n<\/ol>\n","protected":false},"excerpt":{"rendered":"<p>Este 7 de agosto sorprende a tus ni\u00f1os con un exquisito despertar.<\/p>\n","protected":false},"featured_media":27018,"template":"","meta":[],"product_cat":[75],"product_tag":[],"yoast_head":"<!-- This site is optimized with the Yoast SEO plugin v18.8 - https:\/\/yoast.com\/wordpress\/plugins\/seo\/ -->\n<title>Especial D\u00eda del Ni\u00f1o - Restaurante - Club Providencia<\/title>\n<meta name=\"robots\" content=\"index, follow, max-snippet:-1, max-image-preview:large, max-video-preview:-1\" \/>\n<link rel=\"canonical\" href=\"https:\/\/www.clubprovidencia.cl\/especial\/producto\/especial-dia-del-nino\/\" \/>\n<meta property=\"og:locale\" content=\"es_ES\" \/>\n<meta property=\"og:type\" content=\"article\" \/>\n<meta property=\"og:title\" content=\"Especial D\u00eda del Ni\u00f1o - Restaurante - Club Providencia\" \/>\n<meta property=\"og:description\" content=\"Este 7 de agosto sorprende a tus ni\u00f1os con un exquisito despertar.\" \/>\n<meta property=\"og:url\" content=\"https:\/\/www.clubprovidencia.cl\/especial\/producto\/especial-dia-del-nino\/\" \/>\n<meta property=\"og:site_name\" content=\"Restaurante - Club Providencia\" \/>\n<meta property=\"article:modified_time\" content=\"2022-08-07T13:19:34+00:00\" \/>\n<meta property=\"og:image\" content=\"https:\/\/www.clubprovidencia.cl\/especial\/wp-content\/uploads\/2021\/07\/dianino_01.jpeg\" \/>\n\t<meta property=\"og:image:width\" content=\"1080\" \/>\n\t<meta property=\"og:image:height\" content=\"1080\" \/>\n\t<meta property=\"og:image:type\" content=\"image\/jpeg\" \/>\n<meta name=\"twitter:card\" content=\"summary_large_image\" \/>\n<meta name=\"twitter:label1\" content=\"Tiempo de lectura\" \/>\n\t<meta name=\"twitter:data1\" content=\"1 minuto\" \/>\n<script type=\"application\/ld+json\" class=\"yoast-schema-graph\">{\"@context\":\"https:\/\/schema.org\",\"@graph\":[{\"@type\":\"WebSite\",\"@id\":\"https:\/\/www.clubprovidencia.cl\/especial\/#website\",\"url\":\"https:\/\/www.clubprovidencia.cl\/especial\/\",\"name\":\"Restaurante - Club Providencia\",\"description\":\"Delivery\",\"potentialAction\":[{\"@type\":\"SearchAction\",\"target\":{\"@type\":\"EntryPoint\",\"urlTemplate\":\"https:\/\/www.clubprovidencia.cl\/especial\/?s={search_term_string}\"},\"query-input\":\"required name=search_term_string\"}],\"inLanguage\":\"es\"},{\"@type\":\"ImageObject\",\"inLanguage\":\"es\",\"@id\":\"https:\/\/www.clubprovidencia.cl\/especial\/producto\/especial-dia-del-nino\/#primaryimage\",\"url\":\"https:\/\/www.clubprovidencia.cl\/especial\/wp-content\/uploads\/2021\/07\/dianino_01.jpeg\",\"contentUrl\":\"https:\/\/www.clubprovidencia.cl\/especial\/wp-content\/uploads\/2021\/07\/dianino_01.jpeg\",\"width\":1080,\"height\":1080},{\"@type\":\"WebPage\",\"@id\":\"https:\/\/www.clubprovidencia.cl\/especial\/producto\/especial-dia-del-nino\/#webpage\",\"url\":\"https:\/\/www.clubprovidencia.cl\/especial\/producto\/especial-dia-del-nino\/\",\"name\":\"Especial D\u00eda del Ni\u00f1o - Restaurante - Club Providencia\",\"isPartOf\":{\"@id\":\"https:\/\/www.clubprovidencia.cl\/especial\/#website\"},\"primaryImageOfPage\":{\"@id\":\"https:\/\/www.clubprovidencia.cl\/especial\/producto\/especial-dia-del-nino\/#primaryimage\"},\"datePublished\":\"2021-07-15T11:58:23+00:00\",\"dateModified\":\"2022-08-07T13:19:34+00:00\",\"breadcrumb\":{\"@id\":\"https:\/\/www.clubprovidencia.cl\/especial\/producto\/especial-dia-del-nino\/#breadcrumb\"},\"inLanguage\":\"es\",\"potentialAction\":[{\"@type\":\"ReadAction\",\"target\":[\"https:\/\/www.clubprovidencia.cl\/especial\/producto\/especial-dia-del-nino\/\"]}]},{\"@type\":\"BreadcrumbList\",\"@id\":\"https:\/\/www.clubprovidencia.cl\/especial\/producto\/especial-dia-del-nino\/#breadcrumb\",\"itemListElement\":[{\"@type\":\"ListItem\",\"position\":1,\"name\":\"Portada\",\"item\":\"https:\/\/www.clubprovidencia.cl\/especial\/\"},{\"@type\":\"ListItem\",\"position\":2,\"name\":\"Todos los Productos\",\"item\":\"https:\/\/www.clubprovidencia.cl\/especial\/todos-los-productos\/\"},{\"@type\":\"ListItem\",\"position\":3,\"name\":\"Especial D\u00eda del Ni\u00f1o\"}]}]}<\/script>\n<!-- \/ Yoast SEO plugin. -->","yoast_head_json":{"title":"Especial D\u00eda del Ni\u00f1o - Restaurante - Club Providencia","robots":{"index":"index","follow":"follow","max-snippet":"max-snippet:-1","max-image-preview":"max-image-preview:large","max-video-preview":"max-video-preview:-1"},"canonical":"https:\/\/www.clubprovidencia.cl\/especial\/producto\/especial-dia-del-nino\/","og_locale":"es_ES","og_type":"article","og_title":"Especial D\u00eda del Ni\u00f1o - Restaurante - Club Providencia","og_description":"Este 7 de agosto sorprende a tus ni\u00f1os con un exquisito despertar.","og_url":"https:\/\/www.clubprovidencia.cl\/especial\/producto\/especial-dia-del-nino\/","og_site_name":"Restaurante - Club Providencia","article_modified_time":"2022-08-07T13:19:34+00:00","og_image":[{"width":1080,"height":1080,"url":"https:\/\/www.clubprovidencia.cl\/especial\/wp-content\/uploads\/2021\/07\/dianino_01.jpeg","type":"image\/jpeg"}],"twitter_card":"summary_large_image","twitter_misc":{"Tiempo de lectura":"1 minuto"},"schema":{"@context":"https:\/\/schema.org","@graph":[{"@type":"WebSite","@id":"https:\/\/www.clubprovidencia.cl\/especial\/#website","url":"https:\/\/www.clubprovidencia.cl\/especial\/","name":"Restaurante - Club Providencia","description":"Delivery","potentialAction":[{"@type":"SearchAction","target":{"@type":"EntryPoint","urlTemplate":"https:\/\/www.clubprovidencia.cl\/especial\/?s={search_term_string}"},"query-input":"required name=search_term_string"}],"inLanguage":"es"},{"@type":"ImageObject","inLanguage":"es","@id":"https:\/\/www.clubprovidencia.cl\/especial\/producto\/especial-dia-del-nino\/#primaryimage","url":"https:\/\/www.clubprovidencia.cl\/especial\/wp-content\/uploads\/2021\/07\/dianino_01.jpeg","contentUrl":"https:\/\/www.clubprovidencia.cl\/especial\/wp-content\/uploads\/2021\/07\/dianino_01.jpeg","width":1080,"height":1080},{"@type":"WebPage","@id":"https:\/\/www.clubprovidencia.cl\/especial\/producto\/especial-dia-del-nino\/#webpage","url":"https:\/\/www.clubprovidencia.cl\/especial\/producto\/especial-dia-del-nino\/","name":"Especial D\u00eda del Ni\u00f1o - Restaurante - Club Providencia","isPartOf":{"@id":"https:\/\/www.clubprovidencia.cl\/especial\/#website"},"primaryImageOfPage":{"@id":"https:\/\/www.clubprovidencia.cl\/especial\/producto\/especial-dia-del-nino\/#primaryimage"},"datePublished":"2021-07-15T11:58:23+00:00","dateModified":"2022-08-07T13:19:34+00:00","breadcrumb":{"@id":"https:\/\/www.clubprovidencia.cl\/especial\/producto\/especial-dia-del-nino\/#breadcrumb"},"inLanguage":"es","potentialAction":[{"@type":"ReadAction","target":["https:\/\/www.clubprovidencia.cl\/especial\/producto\/especial-dia-del-nino\/"]}]},{"@type":"BreadcrumbList","@id":"https:\/\/www.clubprovidencia.cl\/especial\/producto\/especial-dia-del-nino\/#breadcrumb","itemListElement":[{"@type":"ListItem","position":1,"name":"Portada","item":"https:\/\/www.clubprovidencia.cl\/especial\/"},{"@type":"ListItem","position":2,"name":"Todos los Productos","item":"https:\/\/www.clubprovidencia.cl\/especial\/todos-los-productos\/"},{"@type":"ListItem","position":3,"name":"Especial D\u00eda del Ni\u00f1o"}]}]}},"_links":{"self":[{"href":"https:\/\/www.clubprovidencia.cl\/especial\/wp-json\/wp\/v2\/product\/17501"}],"collection":[{"href":"https:\/\/www.clubprovidencia.cl\/especial\/wp-json\/wp\/v2\/product"}],"about":[{"href":"https:\/\/www.clubprovidencia.cl\/especial\/wp-json\/wp\/v2\/types\/product"}],"wp:featuredmedia":[{"embeddable":true,"href":"https:\/\/www.clubprovidencia.cl\/especial\/wp-json\/wp\/v2\/media\/27018"}],"wp:attachment":[{"href":"https:\/\/www.clubprovidencia.cl\/especial\/wp-json\/wp\/v2\/media?parent=17501"}],"wp:term":[{"taxonomy":"product_cat","embeddable":true,"href":"https:\/\/www.clubprovidencia.cl\/especial\/wp-json\/wp\/v2\/product_cat?post=17501"},{"taxonomy":"product_tag","embeddable":true,"href":"https:\/\/www.clubprovidencia.cl\/especial\/wp-json\/wp\/v2\/product_tag?post=17501"}],"curies":[{"name":"wp","href":"https:\/\/api.w.org\/{rel}","templated":true}]}}